{"id":139,"date":"2024-06-04T16:14:23","date_gmt":"2024-06-04T16:14:23","guid":{"rendered":"https:\/\/origami.club\/luminarias\/?page_id=139"},"modified":"2024-06-04T16:21:03","modified_gmt":"2024-06-04T16:21:03","slug":"luminaria-estrela-merkabah","status":"publish","type":"page","link":"https:\/\/origami.club\/luminarias\/luminaria-estrela-merkabah\/","title":{"rendered":"Lumin\u00e1ria Estrela Merkabah"},"content":{"rendered":"\n<figure class=\"wp-block-image size-large\"><img decoding=\"async\" loading=\"lazy\" width=\"1024\" height=\"576\" src=\"https:\/\/origami.club\/luminarias\/wp-content\/uploads\/2024\/06\/Luminaria-de-Origami-Merkabah-1024x576.jpg\" alt=\"\" class=\"wp-image-140\" srcset=\"https:\/\/origami.club\/luminarias\/wp-content\/uploads\/2024\/06\/Luminaria-de-Origami-Merkabah-1024x576.jpg 1024w, https:\/\/origami.club\/luminarias\/wp-content\/uploads\/2024\/06\/Luminaria-de-Origami-Merkabah-300x169.jpg 300w, https:\/\/origami.club\/luminarias\/wp-content\/uploads\/2024\/06\/Luminaria-de-Origami-Merkabah-768x432.jpg 768w, https:\/\/origami.club\/luminarias\/wp-content\/uploads\/2024\/06\/Luminaria-de-Origami-Merkabah-1536x864.jpg 1536w, https:\/\/origami.club\/luminarias\/wp-content\/uploads\/2024\/06\/Luminaria-de-Origami-Merkabah.jpg 1920w\" sizes=\"(max-width: 1024px) 100vw, 1024px\" \/><\/figure>\n\n\n\n<p>Apresentamos a lumin\u00e1ria Merkabah, uma pe\u00e7a \u00fanica criada com o exclusivo papel Pergamenata da Fedrigoni, 160 g, em tom \u00e2mbar. Inspirada na simbologia da geometria sagrada, a Merkabah n\u00e3o \u00e9 apenas uma lumin\u00e1ria, mas uma verdadeira obra de arte que ilumina e transforma qualquer ambiente sofisticado.<\/p>\n\n\n\n<p>Seu brilho \u00fanico, proporcionado pela translucidez do papel Pergamenata, cria um jogo de luz e sombra que enriquece a decora\u00e7\u00e3o, adicionando um toque de eleg\u00e2ncia e mist\u00e9rio. A geometria sagrada incorporada em seu design simboliza a conex\u00e3o entre o material e o espiritual, trazendo harmonia e equil\u00edbrio ao espa\u00e7o.<\/p>\n\n\n\n<p>Ideal para quem valoriza exclusividade e significado, a lumin\u00e1ria Merkabah \u00e9 perfeita para decorar salas de estar, escrit\u00f3rios e qualquer ambiente que mere\u00e7a um destaque especial. Deixe-se envolver pela beleza e profundidade desta pe\u00e7a singular, que ilumina n\u00e3o apenas o espa\u00e7o, mas tamb\u00e9m a alma.<\/p>\n\n\n\n<p>Para informa\u00e7\u00f5es sobre valores, favor enviar um <strong><a href=\"https:\/\/api.whatsapp.com\/send\/?phone=5511945532547&amp;text=Gostaria%20de%20informa%C3%A7%C3%B5es%20sobre%20a%20lumin%C3%A1ria%20de%20Origami%20modelo%20Merkabah\">whatsapp 11 94553-2547 (Marcio Okabe)<\/a><\/strong><\/p>\n\n\n\n<h2 class=\"wp-block-heading\"><a href=\"https:\/\/origami.club\/eventos\/noites-encantadas-com-origami\/\">Noites encantadas com ORIGAMI<\/a><\/h2>\n\n\n\n<figure class=\"wp-block-embed is-type-video is-provider-youtube wp-block-embed-youtube wp-embed-aspect-16-9 wp-has-aspect-ratio\"><div class=\"wp-block-embed__wrapper\">\n<iframe loading=\"lazy\" title=\"Noites Encantadas com Origami no Espa\u00e7o Cria Gouv\u00eaa\" width=\"800\" height=\"450\" src=\"https:\/\/www.youtube.com\/embed\/YrJ9FQzou9o?feature=oembed\" frameborder=\"0\" allow=\"accelerometer; autoplay; clipboard-write; encrypted-media; gyroscope; picture-in-picture; web-share\" referrerpolicy=\"strict-origin-when-cross-origin\" allowfullscreen><\/iframe>\n<\/div><\/figure>\n\n\n\n<p><\/p>\n\n\n\n<h2 class=\"wp-block-heading\">O que \u00e9 Merkabah de Luz<\/h2>\n\n\n\n<p>Merkabah, sob a perspectiva da geometria sagrada, \u00e9 um s\u00edmbolo poderoso que representa a uni\u00e3o entre o corpo, a mente e o esp\u00edrito, formando uma estrela tetra\u00e9drica tridimensional. Este s\u00edmbolo \u00e9 frequentemente associado \u00e0 ascens\u00e3o espiritual e \u00e0 prote\u00e7\u00e3o divina, funcionando como um ve\u00edculo de luz que transporta a consci\u00eancia para dimens\u00f5es superiores. Relacionando com o conceito de luz, a Merkabah n\u00e3o apenas ilumina fisicamente os ambientes, mas tamb\u00e9m simboliza a ilumina\u00e7\u00e3o espiritual, trazendo clareza, harmonia e equil\u00edbrio. Assim, a lumin\u00e1ria Merkabah transcende sua fun\u00e7\u00e3o decorativa, atuando como um farol de luz que eleva a energia do espa\u00e7o e das pessoas que nele habitam.<\/p>\n\n\n\n<figure class=\"wp-block-embed is-type-video is-provider-youtube wp-block-embed-youtube wp-embed-aspect-4-3 wp-has-aspect-ratio\"><div class=\"wp-block-embed__wrapper\">\n<iframe loading=\"lazy\" title=\"Como entender a import\u00e2ncia do Merkabah de Luz\" width=\"800\" height=\"600\" src=\"https:\/\/www.youtube.com\/embed\/MCklUXwmqBk?feature=oembed\" frameborder=\"0\" allow=\"accelerometer; autoplay; clipboard-write; encrypted-media; gyroscope; picture-in-picture; web-share\" referrerpolicy=\"strict-origin-when-cross-origin\" allowfullscreen><\/iframe>\n<\/div><\/figure>\n","protected":false},"excerpt":{"rendered":"<p>Apresentamos a lumin\u00e1ria Merkabah, uma pe\u00e7a \u00fanica criada com o exclusivo papel Pergamenata da Fedrigoni, 160 g, em tom \u00e2mbar. Inspirada na simbologia da geometria sagrada, a Merkabah n\u00e3o \u00e9 &#8230;<\/p>\n","protected":false},"author":2,"featured_media":140,"parent":0,"menu_order":0,"comment_status":"closed","ping_status":"closed","template":"","meta":[],"_links":{"self":[{"href":"https:\/\/origami.club\/luminarias\/wp-json\/wp\/v2\/pages\/139"}],"collection":[{"href":"https:\/\/origami.club\/luminarias\/wp-json\/wp\/v2\/pages"}],"about":[{"href":"https:\/\/origami.club\/luminarias\/wp-json\/wp\/v2\/types\/page"}],"author":[{"embeddable":true,"href":"https:\/\/origami.club\/luminarias\/wp-json\/wp\/v2\/users\/2"}],"replies":[{"embeddable":true,"href":"https:\/\/origami.club\/luminarias\/wp-json\/wp\/v2\/comments?post=139"}],"version-history":[{"count":2,"href":"https:\/\/origami.club\/luminarias\/wp-json\/wp\/v2\/pages\/139\/revisions"}],"predecessor-version":[{"id":143,"href":"https:\/\/origami.club\/luminarias\/wp-json\/wp\/v2\/pages\/139\/revisions\/143"}],"wp:featuredmedia":[{"embeddable":true,"href":"https:\/\/origami.club\/luminarias\/wp-json\/wp\/v2\/media\/140"}],"wp:attachment":[{"href":"https:\/\/origami.club\/luminarias\/wp-json\/wp\/v2\/media?parent=139"}],"curies":[{"name":"wp","href":"https:\/\/api.w.org\/{rel}","templated":true}]}}